{"id":140,"date":"2023-10-05T00:50:08","date_gmt":"2023-10-04T22:50:08","guid":{"rendered":"https:\/\/aguaceros.cl\/cursos\/?page_id=140"},"modified":"2023-10-10T02:31:11","modified_gmt":"2023-10-10T00:31:11","slug":"contenidos","status":"publish","type":"page","link":"https:\/\/aguaceros.cl\/cursos\/contenidos\/","title":{"rendered":"Creaci\u00f3n de Contenidos"},"content":{"rendered":"<p>[et_pb_section fb_built=\u00bb1&#8243; admin_label=\u00bbImage\u00bb _builder_version=\u00bb4.22.2&#8243; _module_preset=\u00bbdefault\u00bb background_color=\u00bb#4c5270&#8243; custom_padding=\u00bb||||false|false\u00bb collapsed=\u00bbon\u00bb global_colors_info=\u00bb{}\u00bb][et_pb_row _builder_version=\u00bb4.19.2&#8243; _module_preset=\u00bbdefault\u00bb custom_padding=\u00bb0px||0px||true|false\u00bb global_colors_info=\u00bb{}\u00bb][et_pb_column type=\u00bb4_4&#8243; _builder_version=\u00bb4.19.2&#8243; _module_preset=\u00bbdefault\u00bb global_colors_info=\u00bb{}\u00bb][et_pb_text _builder_version=\u00bb4.19.2&#8243; _module_preset=\u00bbeb83bf8d-b49e-41ae-9bc4-46cda58f0b32&#8243; header_text_color=\u00bb#FFFFFF\u00bb custom_margin=\u00bb||10px||false|false\u00bb global_colors_info=\u00bb{}\u00bb]<\/p>\n<h1>Creaci\u00f3n de Contenidos<\/h1>\n<p>[\/et_pb_text][et_pb_text _builder_version=\u00bb4.22.2&#8243; _module_preset=\u00bbf5969bdc-86b0-49d1-aeda-bab1f8fb724c\u00bb header_4_text_color=\u00bb#FFFFFF\u00bb global_colors_info=\u00bb{}\u00bb]<\/p>\n<h4>Beginner \u2022 social media<\/h4>\n<p>[\/et_pb_text][\/et_pb_column][\/et_pb_row][et_pb_row custom_padding_last_edited=\u00bboff|desktop\u00bb _builder_version=\u00bb4.19.2&#8243; _module_preset=\u00bbdefault\u00bb custom_padding=\u00bb0px||0px||true|false\u00bb custom_padding_tablet=\u00bb30px|30px|30px|30px|true|true\u00bb custom_padding_phone=\u00bb20px|20px|20px|20px|true|true\u00bb border_radii=\u00bbon|15px|15px|15px|15px\u00bb border_width_all=\u00bb20px\u00bb border_color_all=\u00bb#FFFFFF\u00bb global_colors_info=\u00bb{}\u00bb][et_pb_column type=\u00bb4_4&#8243; _builder_version=\u00bb4.19.2&#8243; _module_preset=\u00bbdefault\u00bb global_colors_info=\u00bb{}\u00bb][et_pb_image src=\u00bbhttps:\/\/aguaceros.cl\/cursos\/wp-content\/uploads\/sites\/3\/2023\/10\/4.png\u00bb title_text=\u00bb4&#8243; align=\u00bbcenter\u00bb _builder_version=\u00bb4.22.2&#8243; _module_preset=\u00bbdefault\u00bb global_colors_info=\u00bb{}\u00bb][\/et_pb_image][\/et_pb_column][\/et_pb_row][\/et_pb_section][et_pb_section fb_built=\u00bb1&#8243; background_color_2=\u00bb#FFFFFF\u00bb padding_top_2=\u00bb30px\u00bb padding_right_2=\u00bb30px\u00bb padding_bottom_2=\u00bb30px\u00bb padding_left_2=\u00bb30px\u00bb padding_top_bottom_link_2=\u00bbtrue\u00bb padding_left_right_link_2=\u00bbtrue\u00bb _builder_version=\u00bb4.19.2&#8243; _module_preset=\u00bbdefault\u00bb background_color=\u00bb#F8FAFB\u00bb global_colors_info=\u00bb{}\u00bb][et_pb_row column_structure=\u00bb2_3,1_3&#8243; _builder_version=\u00bb4.19.2&#8243; _module_preset=\u00bbdefault\u00bb global_colors_info=\u00bb{}\u00bb][et_pb_column type=\u00bb2_3&#8243; _builder_version=\u00bb4.19.2&#8243; _module_preset=\u00bbdefault\u00bb global_colors_info=\u00bb{}\u00bb][et_pb_text _builder_version=\u00bb4.19.2&#8243; _module_preset=\u00bb5da28a00-52ad-41d7-99ec-c51e50b84429&#8243; locked=\u00bboff\u00bb global_colors_info=\u00bb{}\u00bb]<\/p>\n<h2>Objetivos<\/h2>\n<p>[\/et_pb_text][et_pb_text _builder_version=\u00bb4.22.2&#8243; _module_preset=\u00bbb475269a-9bfa-4f8d-9447-a8cd88fb0bfa\u00bb custom_margin=\u00bb||10px||false|false\u00bb locked=\u00bboff\u00bb global_colors_info=\u00bb{}\u00bb]<\/p>\n<ul>\n<li><span><span>Dominar las t\u00e9cnicas de escritura persuasiva y narrativa.<\/span><\/span><\/li>\n<li><span><span>Desarrollar habilidades para crear contenido multimedia, incluyendo im\u00e1genes y v\u00eddeos.<\/span><\/span><\/li>\n<li><span><span>Aprender principios de dise\u00f1o y presentaci\u00f3n efectiva del contenido.<\/span><\/span><\/li>\n<li><span><span>Explorar estrategias para generar engagement y participaci\u00f3n del p\u00fablico.<\/span><\/span><\/li>\n<\/ul>\n<p>[\/et_pb_text][et_pb_text _builder_version=\u00bb4.19.2&#8243; _module_preset=\u00bb5da28a00-52ad-41d7-99ec-c51e50b84429&#8243; custom_margin=\u00bb||10px||false|false\u00bb locked=\u00bboff\u00bb global_colors_info=\u00bb{}\u00bb]<\/p>\n<h2>Contenidos<\/h2>\n<p>[\/et_pb_text][et_pb_text _builder_version=\u00bb4.22.2&#8243; _module_preset=\u00bbb475269a-9bfa-4f8d-9447-a8cd88fb0bfa\u00bb locked=\u00bboff\u00bb global_colors_info=\u00bb{}\u00bb]<\/p>\n<p><strong><span>Fundamentos de la Creaci\u00f3n de Contenidos<\/span><\/strong><\/p>\n<ul>\n<li style=\"list-style-type: none;\">\n<ul>\n<li><span>Importancia del contenido de calidad<\/span><\/li>\n<li><span>Principios de redacci\u00f3n, dise\u00f1o y producci\u00f3n.<\/span><\/li>\n<\/ul>\n<\/li>\n<\/ul>\n<p><strong><span>Escritura para la Web<\/span><\/strong><\/p>\n<ul>\n<li style=\"list-style-type: none;\">\n<ul>\n<li><span>T\u00e9cnicas de escritura para audiencias en l\u00ednea<\/span><\/li>\n<li><span>SEO y su relevancia en la escritura web<\/span><\/li>\n<\/ul>\n<\/li>\n<\/ul>\n<p><strong><span>Dise\u00f1o Grafico y Multimedia<\/span><\/strong><\/p>\n<ul>\n<li style=\"list-style-type: none;\">\n<ul>\n<li><span>Herramientas para dise\u00f1o gr\u00e1fico b\u00e1sico.<\/span><\/li>\n<li><span>Creaci\u00f3n y edici\u00f3n de im\u00e1genes y v\u00eddeos simples.<\/span><\/li>\n<\/ul>\n<\/li>\n<\/ul>\n<p><strong><span>Narraci\u00f3n Digital<\/span><\/strong><\/p>\n<ul>\n<li style=\"list-style-type: none;\">\n<ul>\n<li><span>Elementos clave del storytelling<\/span><\/li>\n<li><span>Aplicaci\u00f3n del storytelling en diferentes tipos de contenido.<\/span><\/li>\n<\/ul>\n<\/li>\n<\/ul>\n<p><strong><span>Optimizaci\u00f3n para Dispositivos M\u00f3viles<\/span><\/strong><\/p>\n<ul>\n<li style=\"list-style-type: none;\">\n<ul>\n<li><span>Dise\u00f1o y contenido adaptado para dispositivos m\u00f3viles.<\/span><\/li>\n<li><span>Estrategias para mejorar la experiencia del usuario en m\u00f3viles<\/span><\/li>\n<\/ul>\n<\/li>\n<\/ul>\n<p><strong><span>Derechos de Autor y Etiqueta Digital<\/span><\/strong><\/p>\n<ul>\n<li style=\"list-style-type: none;\">\n<ul>\n<li><span>Conocimientos b\u00e1sicos sobre derechos de autor.<\/span><\/li>\n<li><span>Etiqueta y comportamiento \u00e9tico en l\u00ednea<\/span><\/li>\n<\/ul>\n<\/li>\n<\/ul>\n<p>[\/et_pb_text][\/et_pb_column][et_pb_column type=\u00bb1_3&#8243; _builder_version=\u00bb4.19.2&#8243; _module_preset=\u00bbdefault\u00bb background_color=\u00bb#FFFFFF\u00bb custom_padding=\u00bb30px|30px|30px|30px|true|true\u00bb border_radii=\u00bbon|15px|15px|15px|15px\u00bb global_colors_info=\u00bb{}\u00bb][et_pb_text _builder_version=\u00bb4.22.2&#8243; _module_preset=\u00bb315e31ca-df49-426b-a350-d74793248377&#8243; custom_margin=\u00bb||0px||false|false\u00bb locked=\u00bboff\u00bb global_colors_info=\u00bb{}\u00bb]<\/p>\n<h5>Agradecimientos<\/h5>\n<p>[\/et_pb_text][et_pb_text _builder_version=\u00bb4.22.2&#8243; _module_preset=\u00bbc70dbd59-0e7d-46b5-a6ab-145480ee9614&#8243; locked=\u00bboff\u00bb global_colors_info=\u00bb{}\u00bb]<\/p>\n<p class=\"cvGsUA direction-ltr align-center para-style-body\"><span class=\"OYPEnA text-decoration-none text-strikethrough-none\">Proyecto Financiado por el <\/span><span class=\"OYPEnA text-decoration-none text-strikethrough-none\">Fondo Nacional de Desarrollo Cultural y las Artes, Convocatoria 2021<\/span><\/p>\n<p>[\/et_pb_text][et_pb_text _builder_version=\u00bb4.22.2&#8243; _module_preset=\u00bb5da28a00-52ad-41d7-99ec-c51e50b84429&#8243; header_2_text_color=\u00bb#4449E0&#8243; custom_margin=\u00bb||10px||false|false\u00bb locked=\u00bboff\u00bb global_colors_info=\u00bb{}\u00bb]<\/p>\n<h2>Gratuito<\/h2>\n<p>[\/et_pb_text][et_pb_button button_text=\u00bbAporte Voluntario\u00bb _builder_version=\u00bb4.22.2&#8243; _module_preset=\u00bbbe992d60-9d8b-48fc-9a12-d0145d4dbd6c\u00bb locked=\u00bboff\u00bb global_colors_info=\u00bb{}\u00bb][\/et_pb_button][et_pb_text _builder_version=\u00bb4.19.2&#8243; _module_preset=\u00bb315e31ca-df49-426b-a350-d74793248377&#8243; custom_margin=\u00bb60px||10px||false|false\u00bb locked=\u00bboff\u00bb global_colors_info=\u00bb{}\u00bb]<\/p>\n<h5>Details<\/h5>\n<p>[\/et_pb_text][et_pb_blurb title=\u00bbPrincipiante\u00bb use_icon=\u00bbon\u00bb font_icon=\u00bb&#xf5fd;||fa||900&#8243; _builder_version=\u00bb4.22.2&#8243; _module_preset=\u00bb9b331c03-8142-4bc3-acb0-5de988fa04ab\u00bb header_font=\u00bbPoppins|500|||||||\u00bb header_font_size=\u00bb17px\u00bb custom_margin=\u00bb||10px||false|false\u00bb locked=\u00bboff\u00bb global_colors_info=\u00bb{}\u00bb][\/et_pb_blurb][et_pb_blurb title=\u00bb20 minutos\u00bb use_icon=\u00bbon\u00bb font_icon=\u00bb&#xe06b;||divi||400&#8243; _builder_version=\u00bb4.22.2&#8243; _module_preset=\u00bb9b331c03-8142-4bc3-acb0-5de988fa04ab\u00bb header_font=\u00bbPoppins|500|||||||\u00bb header_font_size=\u00bb17px\u00bb custom_margin=\u00bb||10px||false|false\u00bb locked=\u00bboff\u00bb global_colors_info=\u00bb{}\u00bb][\/et_pb_blurb][et_pb_blurb title=\u00bbUpdated: 3\/09\/2023&#8243; use_icon=\u00bbon\u00bb font_icon=\u00bb&#xe05a;||divi||400&#8243; _builder_version=\u00bb4.22.2&#8243; _module_preset=\u00bb9b331c03-8142-4bc3-acb0-5de988fa04ab\u00bb header_font=\u00bbPoppins|500|||||||\u00bb header_font_size=\u00bb17px\u00bb custom_margin=\u00bb||10px||false|false\u00bb locked=\u00bboff\u00bb global_colors_info=\u00bb{}\u00bb][\/et_pb_blurb][et_pb_text _builder_version=\u00bb4.22.2&#8243; _module_preset=\u00bb315e31ca-df49-426b-a350-d74793248377&#8243; custom_margin=\u00bb60px||10px||false|false\u00bb locked=\u00bboff\u00bb global_colors_info=\u00bb{}\u00bb]<\/p>\n<h5>Dirigido a:<\/h5>\n<p>[\/et_pb_text][et_pb_text _builder_version=\u00bb4.22.2&#8243; _module_preset=\u00bbd717ba6e-9dba-47fc-8927-4afa541b7e79&#8243; custom_margin=\u00bb||10px||false|false\u00bb locked=\u00bboff\u00bb global_colors_info=\u00bb{}\u00bb]<\/p>\n<h6>Artistas, cultores y gestores culturales.<\/h6>\n<p>[\/et_pb_text][\/et_pb_column][\/et_pb_row][et_pb_row _builder_version=\u00bb4.22.2&#8243; _module_preset=\u00bbdefault\u00bb global_colors_info=\u00bb{}\u00bb][et_pb_column type=\u00bb4_4&#8243; _builder_version=\u00bb4.22.2&#8243; _module_preset=\u00bbdefault\u00bb global_colors_info=\u00bb{}\u00bb][et_pb_icon font_icon=\u00bb&#x22;||divi||400&#8243; _builder_version=\u00bb4.22.2&#8243; _module_preset=\u00bbdefault\u00bb global_colors_info=\u00bb{}\u00bb][\/et_pb_icon][\/et_pb_column][\/et_pb_row][\/et_pb_section][et_pb_section fb_built=\u00bb1&#8243; _builder_version=\u00bb4.22.2&#8243; _module_preset=\u00bbdefault\u00bb global_colors_info=\u00bb{}\u00bb][et_pb_row _builder_version=\u00bb4.22.2&#8243; _module_preset=\u00bbdefault\u00bb global_colors_info=\u00bb{}\u00bb][et_pb_column type=\u00bb4_4&#8243; _builder_version=\u00bb4.22.2&#8243; _module_preset=\u00bbdefault\u00bb global_colors_info=\u00bb{}\u00bb][et_pb_code _builder_version=\u00bb4.22.2&#8243; _module_preset=\u00bbdefault\u00bb hover_enabled=\u00bb0&#8243; sticky_enabled=\u00bb0&#8243;]<\/p>\n<div style=\"position: relative; width: 100%; height: 0; padding-top: 56.2500%;<!-- [et_pb_line_break_holder] --> padding-bottom: 0; box-shadow: 0 2px 8px 0 rgba(63,69,81,0.16); margin-top: 1.6em; margin-bottom: 0.9em; overflow: hidden;<!-- [et_pb_line_break_holder] --> border-radius: 8px; will-change: transform;\u00bb><!-- [et_pb_line_break_holder] -->  <iframe loading=\"lazy\" style=\"position: absolute; width: 100%; height: 100%; top: 0; left: 0; border: none; padding: 0;margin: 0;\"<!-- [et_pb_line_break_holder] -->    src=\u00bbhttps:&#x2F;&#x2F;www.canva.com&#x2F;design&#x2F;DAFwtBttF-s&#x2F;view?embed\u00bb allowfullscreen=\u00bballowfullscreen\u00bb allow=\u00bbfullscreen\u00bb><!-- [et_pb_line_break_holder] -->  <\/iframe><!-- [et_pb_line_break_holder] --><\/div>\n<p><!-- [et_pb_line_break_holder] --><a href=\"https:&#x2F;&#x2F;www.canva.com&#x2F;design&#x2F;DAFwtBttF-s&#x2F;view?utm_content=DAFwtBttF-s&amp;utm_campaign=designshare&amp;utm_medium=embeds&amp;utm_source=link\" target=\"_blank\" rel=\"noopener\">M\u00f3dulo 4<\/a> de Francisca Araya Jofr\u00e9[\/et_pb_code][\/et_pb_column][\/et_pb_row][\/et_pb_section][et_pb_section fb_built=\u00bb1&#8243; admin_label=\u00bbFeatures\u00bb _builder_version=\u00bb4.19.2&#8243; _module_preset=\u00bbdefault\u00bb background_color=\u00bb#F8FAFB\u00bb collapsed=\u00bbon\u00bb global_colors_info=\u00bb{}\u00bb][et_pb_row _builder_version=\u00bb4.19.2&#8243; _module_preset=\u00bbdefault\u00bb global_colors_info=\u00bb{}\u00bb][et_pb_column type=\u00bb4_4&#8243; _builder_version=\u00bb4.19.2&#8243; _module_preset=\u00bbdefault\u00bb global_colors_info=\u00bb{}\u00bb][et_pb_text _builder_version=\u00bb4.22.2&#8243; _module_preset=\u00bbab9d8540-1f80-4a3c-9304-d442bbd8a9b8&#8243; text_orientation=\u00bbcenter\u00bb global_colors_info=\u00bb{}\u00bb]<\/p>\n<h2>Materiales Complementarios<\/h2>\n<p>[\/et_pb_text][\/et_pb_column][\/et_pb_row][et_pb_row column_structure=\u00bb1_3,1_3,1_3&#8243; custom_padding_last_edited=\u00bbon|tablet\u00bb _builder_version=\u00bb4.19.2&#8243; _module_preset=\u00bbdefault\u00bb custom_padding_tablet=\u00bb||0px||false|false\u00bb custom_padding_phone=\u00bb\u00bb global_colors_info=\u00bb{}\u00bb][et_pb_column type=\u00bb1_3&#8243; _builder_version=\u00bb4.19.2&#8243; _module_preset=\u00bbdefault\u00bb global_colors_info=\u00bb{}\u00bb][et_pb_blurb title=\u00bbBilbiograf\u00eda\u00bb use_icon=\u00bbon\u00bb font_icon=\u00bb&#xf5da;||fa||900&#8243; _builder_version=\u00bb4.22.2&#8243; _module_preset=\u00bb488324c5-60d2-4b8e-b13f-b7826af5ba29&#8243; locked=\u00bboff\u00bb global_colors_info=\u00bb{}\u00bb]<\/p>\n<p><span>\u00abContent Inc.: C\u00f3mo los emprendedores utilizan el contenido para generar audiencias masivas y crear negocios radicalmente exitosos\u00bb de Joe Pulizzi.<\/span><\/p>\n<p>[\/et_pb_blurb][\/et_pb_column][et_pb_column type=\u00bb1_3&#8243; _builder_version=\u00bb4.19.2&#8243; _module_preset=\u00bbdefault\u00bb global_colors_info=\u00bb{}\u00bb][et_pb_blurb title=\u00bbTranscripci\u00f3n\u00bb use_icon=\u00bbon\u00bb font_icon=\u00bb&#xe066;||divi||400&#8243; _builder_version=\u00bb4.22.2&#8243; _module_preset=\u00bb488324c5-60d2-4b8e-b13f-b7826af5ba29&#8243; locked=\u00bboff\u00bb global_colors_info=\u00bb{}\u00bb]<\/p>\n<p>Pronto incluiremos la transcripci\u00f3n completa del curso en esta secci\u00f3n.<\/p>\n<p>[\/et_pb_blurb][\/et_pb_column][et_pb_column type=\u00bb1_3&#8243; _builder_version=\u00bb4.19.2&#8243; _module_preset=\u00bbdefault\u00bb global_colors_info=\u00bb{}\u00bb][et_pb_blurb title=\u00bbEnlaces\u00bb use_icon=\u00bbon\u00bb font_icon=\u00bb&#xf0c1;||fa||900&#8243; _builder_version=\u00bb4.22.2&#8243; _module_preset=\u00bb488324c5-60d2-4b8e-b13f-b7826af5ba29&#8243; locked=\u00bboff\u00bb global_colors_info=\u00bb{}\u00bb]<\/p>\n<p><strong><span>Blog:<\/span><\/strong><span> Copyblogger &#8211; Copyblogger es un recurso valioso para aprender sobre escritura persuasiva y marketing de contenidos.<\/span><\/p>\n<p><strong><span>V\u00eddeo:<\/span><\/strong><span> Charla TED &#8211; \u00abEl arte de la creatividad\u00bb por John Cleese. Aunque no se enfoca espec\u00edficamente en el contenido digital, ofrece perspectivas \u00fanicas sobre el proceso creativo.<\/span><\/p>\n<p>[\/et_pb_blurb][\/et_pb_column][\/et_pb_row][\/et_pb_section][et_pb_section fb_built=\u00bb1&#8243; admin_label=\u00bbFooter\u00bb _builder_version=\u00bb4.22.2&#8243; _module_preset=\u00bbdefault\u00bb background_color=\u00bb#4c5270&#8243; saved_tabs=\u00bball\u00bb collapsed=\u00bbon\u00bb global_colors_info=\u00bb{}\u00bb][et_pb_row _builder_version=\u00bb4.19.2&#8243; _module_preset=\u00bbdefault\u00bb custom_margin=\u00bb||60px||false|false\u00bb custom_margin_tablet=\u00bb||30px||false|false\u00bb custom_margin_phone=\u00bb\u00bb custom_margin_last_edited=\u00bbon|desktop\u00bb global_colors_info=\u00bb{}\u00bb][et_pb_column type=\u00bb4_4&#8243; _builder_version=\u00bb4.19.2&#8243; _module_preset=\u00bbdefault\u00bb global_colors_info=\u00bb{}\u00bb][et_pb_text _builder_version=\u00bb4.22.2&#8243; _module_preset=\u00bbf5969bdc-86b0-49d1-aeda-bab1f8fb724c\u00bb header_4_text_color=\u00bb#FFFFFF\u00bb text_orientation=\u00bbcenter\u00bb global_colors_info=\u00bb{}\u00bb]<\/p>\n<h4>\u00bfTerminaste?<\/h4>\n<p>[\/et_pb_text][et_pb_text _builder_version=\u00bb4.19.2&#8243; _module_preset=\u00bb97b74954-d3f8-4e25-ad54-7a5cdb919526&#8243; header_2_text_color=\u00bb#FFFFFF\u00bb text_orientation=\u00bbcenter\u00bb global_colors_info=\u00bb{}\u00bb]<\/p>\n<h2>\u00a1Vamos a la pr\u00f3xima clase!<\/h2>\n<p>[\/et_pb_text][et_pb_text _builder_version=\u00bb4.22.2&#8243; _module_preset=\u00bbb475269a-9bfa-4f8d-9447-a8cd88fb0bfa\u00bb text_text_color=\u00bbrgba(255,255,255,0.7)\u00bb text_orientation=\u00bbcenter\u00bb max_width=\u00bb600px\u00bb module_alignment=\u00bbcenter\u00bb global_colors_info=\u00bb{}\u00bb]<\/p>\n<p>Haz click en el bot\u00f3n para acceder a m\u00e1s contenidos.<\/p>\n<p>[\/et_pb_text][et_pb_button button_url=\u00bb@ET-DC@eyJkeW5hbWljIjp0cnVlLCJjb250ZW50IjoicG9zdF9saW5rX3VybF9wYWdlIiwic2V0dGluZ3MiOnsicG9zdF9pZCI6IjE0NCJ9fQ==@\u00bb button_text=\u00bbDispositivos\u00bb button_alignment=\u00bbcenter\u00bb _builder_version=\u00bb4.22.2&#8243; _dynamic_attributes=\u00bbbutton_url\u00bb _module_preset=\u00bbbe992d60-9d8b-48fc-9a12-d0145d4dbd6c\u00bb button_bg_color=\u00bb#f652a0&#8243; global_colors_info=\u00bb{}\u00bb][\/et_pb_button][\/et_pb_column][\/et_pb_row][\/et_pb_section]<\/p>\n","protected":false},"excerpt":{"rendered":"<p>Creaci\u00f3n de ContenidosBeginner \u2022 social mediaObjetivos Dominar las t\u00e9cnicas de escritura persuasiva y narrativa. Desarrollar habilidades para crear contenido multimedia, incluyendo im\u00e1genes y v\u00eddeos. Aprender principios de dise\u00f1o y presentaci\u00f3n efectiva del contenido. Explorar estrategias para generar engagement y participaci\u00f3n del p\u00fablico. ContenidosFundamentos de la Creaci\u00f3n de Contenidos Importancia del contenido de calidad Principios de [&hellip;]<\/p>\n","protected":false},"author":1,"featured_media":0,"parent":0,"menu_order":0,"comment_status":"closed","ping_status":"closed","template":"","meta":{"_et_pb_use_builder":"on","_et_pb_old_content":"","_et_gb_content_width":"","footnotes":""},"class_list":["post-140","page","type-page","status-publish","hentry"],"_links":{"self":[{"href":"https:\/\/aguaceros.cl\/cursos\/wp-json\/wp\/v2\/pages\/140","targetHints":{"allow":["GET"]}}],"collection":[{"href":"https:\/\/aguaceros.cl\/cursos\/wp-json\/wp\/v2\/pages"}],"about":[{"href":"https:\/\/aguaceros.cl\/cursos\/wp-json\/wp\/v2\/types\/page"}],"author":[{"embeddable":true,"href":"https:\/\/aguaceros.cl\/cursos\/wp-json\/wp\/v2\/users\/1"}],"replies":[{"embeddable":true,"href":"https:\/\/aguaceros.cl\/cursos\/wp-json\/wp\/v2\/comments?post=140"}],"version-history":[{"count":0,"href":"https:\/\/aguaceros.cl\/cursos\/wp-json\/wp\/v2\/pages\/140\/revisions"}],"wp:attachment":[{"href":"https:\/\/aguaceros.cl\/cursos\/wp-json\/wp\/v2\/media?parent=140"}],"curies":[{"name":"wp","href":"https:\/\/api.w.org\/{rel}","templated":true}]}}